{"id":3235,"date":"2023-05-06T07:53:07","date_gmt":"2023-05-06T07:53:07","guid":{"rendered":"https:\/\/ktgelectric.com\/trang-chu\/"},"modified":"2024-11-11T11:08:43","modified_gmt":"2024-11-11T11:08:43","slug":"trang-chu","status":"publish","type":"page","link":"https:\/\/ktgelectric.com\/en\/","title":{"rendered":"Home page"},"content":{"rendered":"<p><strong><a href=\"https:\/\/ktgelectric.com\/en\/\">KTG Electric<\/a> <\/strong>s\u1edf h\u1eefu 02 th\u01b0\u01a1ng hi\u1ec7u thi\u1ebft b\u1ecb \u0111i\u1ec7n m\u1ea1nh m\u1ebd tr\u00ean th\u1ecb tr\u01b0\u1eddng, \u0111\u00f3 l\u00e0 <strong>AC<\/strong>\u00a0v\u00e0\u00a0<strong>Comet. <\/strong>V\u1edbi 30 n\u0103m ho\u1ea1t \u0111\u1ed9ng trong ng\u00e0nh, <strong>KTG Electric<\/strong> \u0111\u00e3 th\u00e0nh c\u00f4ng tr\u1edf th\u00e0nh \u0111\u1ed1i t\u00e1c tin c\u1eady v\u1edbi nhi\u1ec1u c\u00f4ng tr\u00ecnh t\u1ea7m c\u1ee1, chinh ph\u1ee5c ng\u01b0\u1eddi ti\u00eau d\u00f9ng v\u1edbi s\u1ea3n ph\u1ea9m ch\u1ea5t l\u01b0\u1ee3ng v\u01b0\u1ee3t tr\u1ed9i, m\u1edf r\u1ed9ng m\u1ea1ng l\u01b0\u1edbi ph\u00e2n ph\u1ed1i r\u1ed9ng kh\u1eafp c\u1ea3 n\u01b0\u1edbc.<\/p>\n","protected":false},"excerpt":{"rendered":"<p>KTG Electric s\u1edf h\u1eefu 02 th\u01b0\u01a1ng hi\u1ec7u thi\u1ebft b\u1ecb \u0111i\u1ec7n m\u1ea1nh m\u1ebd tr\u00ean th\u1ecb tr\u01b0\u1eddng, \u0111\u00f3 l\u00e0 AC\u00a0v\u00e0\u00a0Comet. V\u1edbi 30 n\u0103m ho\u1ea1t \u0111\u1ed9ng trong ng\u00e0nh, KTG Electric \u0111\u00e3 th\u00e0nh c\u00f4ng tr\u1edf th\u00e0nh \u0111\u1ed1i t\u00e1c tin c\u1eady v\u1edbi nhi\u1ec1u c\u00f4ng tr\u00ecnh t\u1ea7m c\u1ee1, chinh ph\u1ee5c ng\u01b0\u1eddi ti\u00eau d\u00f9ng v\u1edbi s\u1ea3n ph\u1ea9m ch\u1ea5t l\u01b0\u1ee3ng v\u01b0\u1ee3t tr\u1ed9i, m\u1edf [&hellip;]<\/p>\n","protected":false},"author":1,"featured_media":0,"parent":0,"menu_order":16,"comment_status":"closed","ping_status":"closed","template":"templates\/Home.php","meta":{"footnotes":""},"class_list":["post-3235","page","type-page","status-publish","hentry"],"acf":[],"_links":{"self":[{"href":"https:\/\/ktgelectric.com\/en\/wp-json\/wp\/v2\/pages\/3235","targetHints":{"allow":["GET"]}}],"collection":[{"href":"https:\/\/ktgelectric.com\/en\/wp-json\/wp\/v2\/pages"}],"about":[{"href":"https:\/\/ktgelectric.com\/en\/wp-json\/wp\/v2\/types\/page"}],"author":[{"embeddable":true,"href":"https:\/\/ktgelectric.com\/en\/wp-json\/wp\/v2\/users\/1"}],"replies":[{"embeddable":true,"href":"https:\/\/ktgelectric.com\/en\/wp-json\/wp\/v2\/comments?post=3235"}],"version-history":[{"count":13,"href":"https:\/\/ktgelectric.com\/en\/wp-json\/wp\/v2\/pages\/3235\/revisions"}],"predecessor-version":[{"id":4051,"href":"https:\/\/ktgelectric.com\/en\/wp-json\/wp\/v2\/pages\/3235\/revisions\/4051"}],"wp:attachment":[{"href":"https:\/\/ktgelectric.com\/en\/wp-json\/wp\/v2\/media?parent=3235"}],"curies":[{"name":"wp","href":"https:\/\/api.w.org\/{rel}","templated":true}]}}