{"id":3214,"date":"2023-05-06T07:53:39","date_gmt":"2023-05-06T07:53:39","guid":{"rendered":"https:\/\/ktgelectric.com\/gioi-thieu\/"},"modified":"2024-07-25T02:30:10","modified_gmt":"2024-07-25T02:30:10","slug":"about","status":"publish","type":"page","link":"https:\/\/ktgelectric.com\/en\/about\/","title":{"rendered":"About"},"content":{"rendered":"<p><strong><a href=\"https:\/\/ktgelectric.com\/gioi-thieu-ktg-electric\/\">KTG Electric<\/a> <\/strong>l\u00e0 th\u00e0nh vi\u00ean thu\u1ed9c T\u1eadp \u0111o\u00e0n KTG, m\u1ed9t trong nh\u1eefng \u0111\u01a1n v\u1ecb ti\u00ean phong trong l\u0129nh v\u1ef1c cung c\u1ea5p c\u00e1c s\u1ea3n ph\u1ea9m Thi\u1ebft b\u1ecb \u0111i\u1ec7n v\u00e0 Chi\u1ebfu s\u00e1ng t\u1ea1i Vi\u1ec7t Nam. S\u1edf h\u1eefu 02 th\u01b0\u01a1ng hi\u1ec7u thi\u1ebft b\u1ecb \u0111i\u1ec7n m\u1ea1nh m\u1ebd tr\u00ean th\u1ecb tr\u01b0\u1eddng, \u0111\u00f3 l\u00e0 <a href=\"https:\/\/ac-electric.com.vn\/\" target=\"_blank\" rel=\"noopener\"><strong>AC<\/strong><\/a> v\u00e0 <strong>Comet<\/strong>.<\/p>\n","protected":false},"excerpt":{"rendered":"<p>KTG Electric l\u00e0 th\u00e0nh vi\u00ean thu\u1ed9c T\u1eadp \u0111o\u00e0n KTG, m\u1ed9t trong nh\u1eefng \u0111\u01a1n v\u1ecb ti\u00ean phong trong l\u0129nh v\u1ef1c cung c\u1ea5p c\u00e1c s\u1ea3n ph\u1ea9m Thi\u1ebft b\u1ecb \u0111i\u1ec7n v\u00e0 Chi\u1ebfu s\u00e1ng t\u1ea1i Vi\u1ec7t Nam. S\u1edf h\u1eefu 02 th\u01b0\u01a1ng hi\u1ec7u thi\u1ebft b\u1ecb \u0111i\u1ec7n m\u1ea1nh m\u1ebd tr\u00ean th\u1ecb tr\u01b0\u1eddng, \u0111\u00f3 l\u00e0 AC v\u00e0 Comet.<\/p>\n","protected":false},"author":1,"featured_media":0,"parent":0,"menu_order":14,"comment_status":"closed","ping_status":"closed","template":"templates\/Introduce.php","meta":{"footnotes":""},"class_list":["post-3214","page","type-page","status-publish","hentry"],"acf":[],"_links":{"self":[{"href":"https:\/\/ktgelectric.com\/en\/wp-json\/wp\/v2\/pages\/3214","targetHints":{"allow":["GET"]}}],"collection":[{"href":"https:\/\/ktgelectric.com\/en\/wp-json\/wp\/v2\/pages"}],"about":[{"href":"https:\/\/ktgelectric.com\/en\/wp-json\/wp\/v2\/types\/page"}],"author":[{"embeddable":true,"href":"https:\/\/ktgelectric.com\/en\/wp-json\/wp\/v2\/users\/1"}],"replies":[{"embeddable":true,"href":"https:\/\/ktgelectric.com\/en\/wp-json\/wp\/v2\/comments?post=3214"}],"version-history":[{"count":4,"href":"https:\/\/ktgelectric.com\/en\/wp-json\/wp\/v2\/pages\/3214\/revisions"}],"predecessor-version":[{"id":4034,"href":"https:\/\/ktgelectric.com\/en\/wp-json\/wp\/v2\/pages\/3214\/revisions\/4034"}],"wp:attachment":[{"href":"https:\/\/ktgelectric.com\/en\/wp-json\/wp\/v2\/media?parent=3214"}],"curies":[{"name":"wp","href":"https:\/\/api.w.org\/{rel}","templated":true}]}}