{"id":2675,"date":"2023-05-07T18:36:28","date_gmt":"2023-05-07T18:36:28","guid":{"rendered":"https:\/\/ktgelectric.com\/linh-vuc-hoat-dong\/"},"modified":"2023-11-08T02:56:51","modified_gmt":"2023-11-08T02:56:51","slug":"fields-of-operations","status":"publish","type":"page","link":"https:\/\/ktgelectric.com\/en\/fields-of-operations\/","title":{"rendered":"Fields of operations"},"content":{"rendered":"<p><a href=\"https:\/\/ktgelectric.com\/en\/\">KTG Electric<\/a> t\u1ef1 h\u00e0o l\u00e0 nh\u00e0 cung c\u1ea5p s\u1ea3n ph\u1ea9m thi\u1ebft b\u1ecb \u0111i\u1ec7n v\u00e0 thi\u1ebft b\u1ecb chi\u1ebfu s\u00e1ng v\u1edbi nhi\u1ec1u <a href=\"https:\/\/ktgelectric.com\/linh-vuc-hoat-dong-KTG-Electric\/\">l\u0129nh v\u1ef1c ho\u1ea1t \u0111\u1ed9ng<\/a> kh\u00e1c nhau s\u1edf h\u1eefu hai th\u01b0\u01a1ng hi\u1ec7u m\u1ea1nh m\u1ebd tr\u00ean th\u1ecb tr\u01b0\u1eddng l\u00e0 <a href=\"https:\/\/ac-electric.com.vn\/\" target=\"_blank\" rel=\"noopener\">AC<\/a> v\u00e0 <a href=\"https:\/\/comet-electric.com.vn\/\" target=\"_blank\" rel=\"noopener\">Comet<\/a>.<\/p>\n","protected":false},"excerpt":{"rendered":"<p>KTG Electric t\u1ef1 h\u00e0o l\u00e0 nh\u00e0 cung c\u1ea5p s\u1ea3n ph\u1ea9m thi\u1ebft b\u1ecb \u0111i\u1ec7n v\u00e0 thi\u1ebft b\u1ecb chi\u1ebfu s\u00e1ng v\u1edbi nhi\u1ec1u l\u0129nh v\u1ef1c ho\u1ea1t \u0111\u1ed9ng kh\u00e1c nhau s\u1edf h\u1eefu hai th\u01b0\u01a1ng hi\u1ec7u m\u1ea1nh m\u1ebd tr\u00ean th\u1ecb tr\u01b0\u1eddng l\u00e0 AC v\u00e0 Comet.<\/p>\n","protected":false},"author":1,"featured_media":0,"parent":0,"menu_order":2,"comment_status":"closed","ping_status":"closed","template":"templates\/LinhVucHoatDong.php","meta":{"footnotes":""},"class_list":["post-2675","page","type-page","status-publish","hentry"],"acf":[],"_links":{"self":[{"href":"https:\/\/ktgelectric.com\/en\/wp-json\/wp\/v2\/pages\/2675","targetHints":{"allow":["GET"]}}],"collection":[{"href":"https:\/\/ktgelectric.com\/en\/wp-json\/wp\/v2\/pages"}],"about":[{"href":"https:\/\/ktgelectric.com\/en\/wp-json\/wp\/v2\/types\/page"}],"author":[{"embeddable":true,"href":"https:\/\/ktgelectric.com\/en\/wp-json\/wp\/v2\/users\/1"}],"replies":[{"embeddable":true,"href":"https:\/\/ktgelectric.com\/en\/wp-json\/wp\/v2\/comments?post=2675"}],"version-history":[{"count":6,"href":"https:\/\/ktgelectric.com\/en\/wp-json\/wp\/v2\/pages\/2675\/revisions"}],"predecessor-version":[{"id":3731,"href":"https:\/\/ktgelectric.com\/en\/wp-json\/wp\/v2\/pages\/2675\/revisions\/3731"}],"wp:attachment":[{"href":"https:\/\/ktgelectric.com\/en\/wp-json\/wp\/v2\/media?parent=2675"}],"curies":[{"name":"wp","href":"https:\/\/api.w.org\/{rel}","templated":true}]}}